{"id":19493,"date":"2018-03-31T22:55:28","date_gmt":"2018-04-01T01:55:28","guid":{"rendered":"https:\/\/retinacomunicacao.com\/impressos\/?post_type=product&#038;p=19493"},"modified":"2025-01-03T15:49:53","modified_gmt":"2025-01-03T18:49:53","slug":"criacao-arte-cartao-de-visita","status":"publish","type":"product","link":"https:\/\/retinacomunicacao.com\/impressos\/criacao-arte-cartao-de-visita\/","title":{"rendered":"Cria\u00e7\u00e3o Arte Cart\u00e3o de Visita"},"content":{"rendered":"<h2><strong>Cria\u00e7\u00e3o Arte Cart\u00e3o de Visita<\/strong><\/h2>\n<p><strong>Transforme suas ideias em cart\u00f5es profissionais e impactantes!<\/strong><\/p>\n<p>A <strong>Cria\u00e7\u00e3o Arte Cart\u00e3o de Visita<\/strong> \u00e9 um servi\u00e7o pensado para garantir que seu material de apresenta\u00e7\u00e3o seja \u00fanico e transmita a ess\u00eancia da sua marca. Com o aux\u00edlio de designers especializados, voc\u00ea ter\u00e1 um cart\u00e3o personalizado, visualmente atrativo e alinhado com seus objetivos de neg\u00f3cio.<\/p>\n<p>Seja para eventos, reuni\u00f5es, ou para distribui\u00e7\u00e3o em larga escala, o design certo pode fazer toda a diferen\u00e7a na primeira impress\u00e3o. Escolha um layout criativo, cores, fontes e elementos que representem a identidade da sua empresa e conquiste a aten\u00e7\u00e3o do seu p\u00fablico.<\/p>\n<p>Confie na nossa expertise para criar um cart\u00e3o de visita que seja muito mais do que um contato \u2013 fa\u00e7a dele a porta de entrada para novas oportunidades!<\/p>\n","protected":false},"excerpt":{"rendered":"<p><strong>Desenvolvimento de 1 Arte Personalizada para Cart\u00e3o de Visitas<\/strong><\/p>\n","protected":false},"featured_media":19473,"comment_status":"open","ping_status":"closed","template":"","meta":[],"product_brand":[],"product_cat":[92],"product_tag":[],"class_list":{"0":"post-19493","1":"product","2":"type-product","3":"status-publish","4":"has-post-thumbnail","6":"product_cat-cartao-de-visita","8":"first","9":"instock","10":"virtual","11":"purchasable","12":"product-type-simple"},"_links":{"self":[{"href":"https:\/\/retinacomunicacao.com\/impressos\/wp-json\/wp\/v2\/product\/19493","targetHints":{"allow":["GET"]}}],"collection":[{"href":"https:\/\/retinacomunicacao.com\/impressos\/wp-json\/wp\/v2\/product"}],"about":[{"href":"https:\/\/retinacomunicacao.com\/impressos\/wp-json\/wp\/v2\/types\/product"}],"replies":[{"embeddable":true,"href":"https:\/\/retinacomunicacao.com\/impressos\/wp-json\/wp\/v2\/comments?post=19493"}],"wp:featuredmedia":[{"embeddable":true,"href":"https:\/\/retinacomunicacao.com\/impressos\/wp-json\/wp\/v2\/media\/19473"}],"wp:attachment":[{"href":"https:\/\/retinacomunicacao.com\/impressos\/wp-json\/wp\/v2\/media?parent=19493"}],"wp:term":[{"taxonomy":"product_brand","embeddable":true,"href":"https:\/\/retinacomunicacao.com\/impressos\/wp-json\/wp\/v2\/product_brand?post=19493"},{"taxonomy":"product_cat","embeddable":true,"href":"https:\/\/retinacomunicacao.com\/impressos\/wp-json\/wp\/v2\/product_cat?post=19493"},{"taxonomy":"product_tag","embeddable":true,"href":"https:\/\/retinacomunicacao.com\/impressos\/wp-json\/wp\/v2\/product_tag?post=19493"}],"curies":[{"name":"wp","href":"https:\/\/api.w.org\/{rel}","templated":true}]}}